	{"id":1268,"date":"2018-06-11T20:06:14","date_gmt":"2018-06-11T18:06:14","guid":{"rendered":"https:\/\/tcportet.fr\/?page_id=1268"},"modified":"2018-06-11T20:06:14","modified_gmt":"2018-06-11T18:06:14","slug":"mentions-legales","status":"publish","type":"page","link":"https:\/\/tcportet.fr\/?page_id=1268","title":{"rendered":"Mentions l\u00e9gales"},"content":{"rendered":"<h2>Directeur de la publication<\/h2>\n<p>Tennis Club Portet sur Garonne<br \/>\nRue de l'h\u00f4tel de ville<br \/>\n31120 Portet-sur-Garonne<\/p>\n<p>T\u00e9l. 05 34 56 83 05<\/p>\n<h2>H\u00e9bergeur<\/h2>\n<p>OVH 2 rue kellermann BP 80157 59053 ROUBAIX CEDEX 1 - France<br \/>\nHotline: 0 899 701 761 - Email:<a href=\"mailto:support@ovh.com\"> support@ovh.com<\/a> - Web : <a href=\"http:\/\/www.ovh.com\">http:\/\/www.ovh.com<\/a><\/p>\n<h2>Donn\u00e9es personnelles<\/h2>\n<h3>1 - Coordonn\u00e9es personnelles<\/h3>\n<p>Dans certains cas, le club peut \u00eatre amen\u00e9 \u00e0 demander aux internautes de laisser leurs coordonn\u00e9es personnelles, notamment les adresses \u00e9lectroniques et\/ou physiques. Ces informations pourront donner lieu \u00e0 un traitement informatique aux fins de publipostage [envoi de messages promotionnels, d\u2019information etc.] par le club, qui pourra \u00e9galement \u00eatre amen\u00e9 \u00e0 les \u00e9changer ou les c\u00e9der \u00e0 ses partenaires commerciaux. Chacune de ces demandes, consultables le cas \u00e9ch\u00e9ant aux pages concern\u00e9es du site Internet du club, est accompagn\u00e9e d'une case \u00e0 cocher, autorisant ou non le club \u00e0 utiliser les donn\u00e9es collect\u00e9es. En cas d'acceptation par la validation de la case correspondant \u00e0 l\u2019utilisation souhait\u00e9e, le club se r\u00e9serve le droit d'adresser des publipostages \u00e0 l\u2019utilisateur pour lui proposer des informations, des offres \u00e9manant du club ou de ses partenaires commerciaux, et\/ou de proc\u00e9der \u00e0 l\u2019\u00e9change ou \u00e0 la cession, \u00e0 titre gratuit ou on\u00e9reux, des informations consid\u00e9r\u00e9es.<\/p>\n<h3>2 - Droits et devoirs<\/h3>\n<p>En tout \u00e9tat de cause, conform\u00e9ment \u00e0 l\u2019article 39 de la loi \u00ab Informatique et Libert\u00e9s \u00bb du 6 janvier 1978, l\u2019utilisateur dispose d\u2019un droit d\u2019acc\u00e8s, de modification, de rectification et de suppression des donn\u00e9es le concernant. Pour l'exercice de ces droits, l'utilisateur est invit\u00e9 \u00e0 s'adresser par courriel \u00e0 l'adresse :<a href=\"mailto:tcportet@fft.fr\"> tcportet@fft.fr<\/a>.<\/p>\n<p>L\u2019utilisateur peut \u00e9galement, pour des motifs l\u00e9gitimes, s\u2019opposer au traitement des donn\u00e9es le concernant. L'utilisateur trouvera des informations sur ses droits et devoirs et sur la protection des donn\u00e9es individuelles sur le site de la Commission Nationale Informatique et Libert\u00e9s (www.cnil.fr). Les utilisateurs de ce site Internet sont invit\u00e9s \u00e0 faire conna\u00eetre au club leurs remarques sur d'\u00e9ventuels dysfonctionnement du site au regard des libert\u00e9s individuelles, \u00e0 l\u2019une ou l\u2019autre des adresses indiqu\u00e9es ci-avant.<\/p>\n<p>&nbsp;<\/p>\n<p>&nbsp;<\/p>\n","protected":false},"excerpt":{"rendered":"<p>Directeur de la publication Tennis Club Portet sur Garonne Rue de l&rsquo;h\u00f4tel de ville 31120 Portet-sur-Garonne T\u00e9l. 05 34 56 83 05 H\u00e9bergeur OVH 2 rue kellermann BP 80157 59053 ROUBAIX CEDEX 1 &#8211; France Hotline: 0 899 701 761 &#8211; Email: support@ovh.com &#8211; Web : http:\/\/www.ovh.com Donn\u00e9es personnelles 1 &#8211; Coordonn\u00e9es personnelles Dans certains [&hellip;]<\/p>\n","protected":false},"author":1,"featured_media":0,"parent":0,"menu_order":0,"comment_status":"closed","ping_status":"closed","template":"","meta":{"_acf_changed":false,"footnotes":""},"class_list":["post-1268","page","type-page","status-publish","hentry"],"acf":[],"_links":{"self":[{"href":"https:\/\/tcportet.fr\/index.php?rest_route=\/wp\/v2\/pages\/1268","targetHints":{"allow":["GET"]}}],"collection":[{"href":"https:\/\/tcportet.fr\/index.php?rest_route=\/wp\/v2\/pages"}],"about":[{"href":"https:\/\/tcportet.fr\/index.php?rest_route=\/wp\/v2\/types\/page"}],"author":[{"embeddable":true,"href":"https:\/\/tcportet.fr\/index.php?rest_route=\/wp\/v2\/users\/1"}],"replies":[{"embeddable":true,"href":"https:\/\/tcportet.fr\/index.php?rest_route=%2Fwp%2Fv2%2Fcomments&post=1268"}],"version-history":[{"count":1,"href":"https:\/\/tcportet.fr\/index.php?rest_route=\/wp\/v2\/pages\/1268\/revisions"}],"predecessor-version":[{"id":1269,"href":"https:\/\/tcportet.fr\/index.php?rest_route=\/wp\/v2\/pages\/1268\/revisions\/1269"}],"wp:attachment":[{"href":"https:\/\/tcportet.fr\/index.php?rest_route=%2Fwp%2Fv2%2Fmedia&parent=1268"}],"curies":[{"name":"wp","href":"https:\/\/api.w.org\/{rel}","templated":true}]}}