	{"id":1571,"date":"2024-06-18T17:53:26","date_gmt":"2024-06-18T15:53:26","guid":{"rendered":"https:\/\/tcportet.fr\/?page_id=1571"},"modified":"2024-06-23T10:31:27","modified_gmt":"2024-06-23T08:31:27","slug":"baby-tennis","status":"publish","type":"page","link":"https:\/\/tcportet.fr\/?page_id=1571","title":{"rendered":"Baby Tennis"},"content":{"rendered":"\n<h4>R\u00e9serv\u00e9 aux 3-5 ans<\/h4>\n<p>Le baby-tennis repose sur une approche p\u00e9dagogique permettant aux plus jeunes d'effectuer leurs premiers pas sur un terrain de tennis.<\/p>\n<p>L'activit\u00e9 est adapt\u00e9e \u00e0 leur \u00e2ge et \u00e0 leurs capacit\u00e9s motrices, avec du mat\u00e9riel sp\u00e9cifique adapt\u00e9. Les enfants vont s'amuser tout en d\u00e9veloppant leurs capacit\u00e9s d'\u00e9quilibre, d'adresse et de coordination.<\/p>\n<h4>Encadrement assur\u00e9 par un DE + des initiateurs<\/h4>\n<p>L'objectif est de permettre un encadrement de qualit\u00e9 et bienveillant pour que chaque enfant puisse s'\u00e9panouir dans l'activit\u00e9.<\/p>\n<h4>Tarif<\/h4>\n<p>1 heure par semaine de septembre \u00e0 juin <strong>135 euros.<\/strong><\/p>\n<p>Ce tarif comprend la licence f\u00e9d\u00e9rale, l'adh\u00e9sion au club et les cours.<\/p>\n","protected":false},"excerpt":{"rendered":"<p>R\u00e9serv\u00e9 aux 3-5 ans Le baby-tennis repose sur une approche p\u00e9dagogique permettant aux plus jeunes d&rsquo;effectuer leurs premiers pas sur un terrain de tennis. L&rsquo;activit\u00e9 est adapt\u00e9e \u00e0 leur \u00e2ge et \u00e0 leurs capacit\u00e9s motrices, avec du mat\u00e9riel sp\u00e9cifique adapt\u00e9. Les enfants vont s&rsquo;amuser tout en d\u00e9veloppant leurs capacit\u00e9s d&rsquo;\u00e9quilibre, d&rsquo;adresse et de coordination. Encadrement [&hellip;]<\/p>\n","protected":false},"author":2,"featured_media":0,"parent":0,"menu_order":0,"comment_status":"closed","ping_status":"closed","template":"","meta":{"_acf_changed":false,"footnotes":""},"class_list":["post-1571","page","type-page","status-publish","hentry"],"acf":[],"_links":{"self":[{"href":"https:\/\/tcportet.fr\/index.php?rest_route=\/wp\/v2\/pages\/1571","targetHints":{"allow":["GET"]}}],"collection":[{"href":"https:\/\/tcportet.fr\/index.php?rest_route=\/wp\/v2\/pages"}],"about":[{"href":"https:\/\/tcportet.fr\/index.php?rest_route=\/wp\/v2\/types\/page"}],"author":[{"embeddable":true,"href":"https:\/\/tcportet.fr\/index.php?rest_route=\/wp\/v2\/users\/2"}],"replies":[{"embeddable":true,"href":"https:\/\/tcportet.fr\/index.php?rest_route=%2Fwp%2Fv2%2Fcomments&post=1571"}],"version-history":[{"count":12,"href":"https:\/\/tcportet.fr\/index.php?rest_route=\/wp\/v2\/pages\/1571\/revisions"}],"predecessor-version":[{"id":1645,"href":"https:\/\/tcportet.fr\/index.php?rest_route=\/wp\/v2\/pages\/1571\/revisions\/1645"}],"wp:attachment":[{"href":"https:\/\/tcportet.fr\/index.php?rest_route=%2Fwp%2Fv2%2Fmedia&parent=1571"}],"curies":[{"name":"wp","href":"https:\/\/api.w.org\/{rel}","templated":true}]}}