	{"id":1573,"date":"2024-06-18T17:54:11","date_gmt":"2024-06-18T15:54:11","guid":{"rendered":"https:\/\/tcportet.fr\/?page_id=1573"},"modified":"2024-06-27T15:53:28","modified_gmt":"2024-06-27T13:53:28","slug":"galaxie-tennis","status":"publish","type":"page","link":"https:\/\/tcportet.fr\/?page_id=1573","title":{"rendered":"Galaxie Tennis"},"content":{"rendered":"\n<h4>\u00a0<\/h4>\n<h4>R\u00e9serv\u00e9 aux 6-10 ans<\/h4>\n<p>Les enfants sont r\u00e9partis dans des groupes de 6 \u00e0 8 par terrains, les cours ont lieu du mardi au samedi.<\/p>\n<h4>Encadrement DE + Initiateurs + Mini-coachs<\/h4>\n<p>Les s\u00e9ances sont encadr\u00e9es par les enseignants du club, les jeunes \u00e9ducateurs du club les assistent pour proposer des ateliers dynamiques et sportifs.\u00a0<\/p>\n<p>L'apprentissage technique est \u00e9volutif en suivant les principes de Galaxie Tennis.<\/p>\n<h4>Tarif<\/h4>\n<p>1 heure par semaine de septembre \u00e0 juin<strong> 165 euros.<\/strong><\/p>\n<p>Ce tarif comprend la licence f\u00e9d\u00e9rale, l'adh\u00e9sion, les cours et l'acc\u00e8s libre aux terrains.\u00a0<\/p>\n<p>\u00a0<\/p>\n<h4>5 niveaux d\u2019apprentissage avec un terrain \u00e9volutif adapt\u00e9\u00a0<\/h4>\n<p>\u00a0<\/p>\n<p><img loading=\"lazy\" decoding=\"async\" class=\"aligncenter wp-image-1667 size-large\" src=\"https:\/\/tcportet.fr\/wp-content\/uploads\/2024\/06\/IMG_3807-987x1024.png\" alt=\"\" width=\"987\" height=\"1024\" srcset=\"https:\/\/tcportet.fr\/wp-content\/uploads\/2024\/06\/IMG_3807-987x1024.png 987w, https:\/\/tcportet.fr\/wp-content\/uploads\/2024\/06\/IMG_3807-289x300.png 289w, https:\/\/tcportet.fr\/wp-content\/uploads\/2024\/06\/IMG_3807-768x797.png 768w, https:\/\/tcportet.fr\/wp-content\/uploads\/2024\/06\/IMG_3807-300x311.png 300w, https:\/\/tcportet.fr\/wp-content\/uploads\/2024\/06\/IMG_3807.png 1100w\" sizes=\"auto, (max-width: 987px) 100vw, 987px\" \/><\/p>\n","protected":false},"excerpt":{"rendered":"<p>\u00a0 R\u00e9serv\u00e9 aux 6-10 ans Les enfants sont r\u00e9partis dans des groupes de 6 \u00e0 8 par terrains, les cours ont lieu du mardi au samedi. Encadrement DE + Initiateurs + Mini-coachs Les s\u00e9ances sont encadr\u00e9es par les enseignants du club, les jeunes \u00e9ducateurs du club les assistent pour proposer des ateliers dynamiques et sportifs.\u00a0 [&hellip;]<\/p>\n","protected":false},"author":2,"featured_media":0,"parent":0,"menu_order":0,"comment_status":"closed","ping_status":"closed","template":"","meta":{"_acf_changed":false,"footnotes":""},"class_list":["post-1573","page","type-page","status-publish","hentry"],"acf":[],"_links":{"self":[{"href":"https:\/\/tcportet.fr\/index.php?rest_route=\/wp\/v2\/pages\/1573","targetHints":{"allow":["GET"]}}],"collection":[{"href":"https:\/\/tcportet.fr\/index.php?rest_route=\/wp\/v2\/pages"}],"about":[{"href":"https:\/\/tcportet.fr\/index.php?rest_route=\/wp\/v2\/types\/page"}],"author":[{"embeddable":true,"href":"https:\/\/tcportet.fr\/index.php?rest_route=\/wp\/v2\/users\/2"}],"replies":[{"embeddable":true,"href":"https:\/\/tcportet.fr\/index.php?rest_route=%2Fwp%2Fv2%2Fcomments&post=1573"}],"version-history":[{"count":11,"href":"https:\/\/tcportet.fr\/index.php?rest_route=\/wp\/v2\/pages\/1573\/revisions"}],"predecessor-version":[{"id":1675,"href":"https:\/\/tcportet.fr\/index.php?rest_route=\/wp\/v2\/pages\/1573\/revisions\/1675"}],"wp:attachment":[{"href":"https:\/\/tcportet.fr\/index.php?rest_route=%2Fwp%2Fv2%2Fmedia&parent=1573"}],"curies":[{"name":"wp","href":"https:\/\/api.w.org\/{rel}","templated":true}]}}