	{"id":1575,"date":"2024-06-18T17:55:17","date_gmt":"2024-06-18T15:55:17","guid":{"rendered":"https:\/\/tcportet.fr\/?page_id=1575"},"modified":"2024-06-23T10:40:07","modified_gmt":"2024-06-23T08:40:07","slug":"ecole-ados","status":"publish","type":"page","link":"https:\/\/tcportet.fr\/?page_id=1575","title":{"rendered":"Ecole ados"},"content":{"rendered":"\n<h4>R\u00e9serv\u00e9 aux 11-17 ans<\/h4>\n<p>Les groupes sont constitu\u00e9s en fonction du niveau et des \u00e2ges. Ils sont compos\u00e9s de 6 \u00e0 8 enfants par terrain.\u00a0<\/p>\n<h4>Encadrement DE<\/h4>\n<p>L'enseignement est bas\u00e9 sur le programme ADOS de la FFT.\u00a0<\/p>\n<h4>Tarif<\/h4>\n<p>1 heure par semaine de septembre \u00e0 juin<strong> 180 euros.<\/strong><\/p>\n<p>Ce tarif comprend la licence f\u00e9d\u00e9rale, l'adh\u00e9sion, les cours et l'acc\u00e8s libre aux terrains.\u00a0<\/p>\n<p>\u00a0<\/p>\n","protected":false},"excerpt":{"rendered":"<p>R\u00e9serv\u00e9 aux 11-17 ans Les groupes sont constitu\u00e9s en fonction du niveau et des \u00e2ges. Ils sont compos\u00e9s de 6 \u00e0 8 enfants par terrain.\u00a0 Encadrement DE L&rsquo;enseignement est bas\u00e9 sur le programme ADOS de la FFT.\u00a0 Tarif 1 heure par semaine de septembre \u00e0 juin 180 euros. Ce tarif comprend la licence f\u00e9d\u00e9rale, l&rsquo;adh\u00e9sion, [&hellip;]<\/p>\n","protected":false},"author":2,"featured_media":0,"parent":0,"menu_order":0,"comment_status":"closed","ping_status":"closed","template":"","meta":{"_acf_changed":false,"footnotes":""},"class_list":["post-1575","page","type-page","status-publish","hentry"],"acf":[],"_links":{"self":[{"href":"https:\/\/tcportet.fr\/index.php?rest_route=\/wp\/v2\/pages\/1575","targetHints":{"allow":["GET"]}}],"collection":[{"href":"https:\/\/tcportet.fr\/index.php?rest_route=\/wp\/v2\/pages"}],"about":[{"href":"https:\/\/tcportet.fr\/index.php?rest_route=\/wp\/v2\/types\/page"}],"author":[{"embeddable":true,"href":"https:\/\/tcportet.fr\/index.php?rest_route=\/wp\/v2\/users\/2"}],"replies":[{"embeddable":true,"href":"https:\/\/tcportet.fr\/index.php?rest_route=%2Fwp%2Fv2%2Fcomments&post=1575"}],"version-history":[{"count":5,"href":"https:\/\/tcportet.fr\/index.php?rest_route=\/wp\/v2\/pages\/1575\/revisions"}],"predecessor-version":[{"id":1649,"href":"https:\/\/tcportet.fr\/index.php?rest_route=\/wp\/v2\/pages\/1575\/revisions\/1649"}],"wp:attachment":[{"href":"https:\/\/tcportet.fr\/index.php?rest_route=%2Fwp%2Fv2%2Fmedia&parent=1575"}],"curies":[{"name":"wp","href":"https:\/\/api.w.org\/{rel}","templated":true}]}}