	{"id":1577,"date":"2024-06-18T17:55:44","date_gmt":"2024-06-18T15:55:44","guid":{"rendered":"https:\/\/tcportet.fr\/?page_id=1577"},"modified":"2024-06-25T09:36:46","modified_gmt":"2024-06-25T07:36:46","slug":"competition","status":"publish","type":"page","link":"https:\/\/tcportet.fr\/?page_id=1577","title":{"rendered":"Comp\u00e9tition"},"content":{"rendered":"\n<h4><strong>GALAXIE+, r\u00e9serv\u00e9 aux 6-10 ans<\/strong><\/h4>\n<p>Les jeunes enfants motiv\u00e9s par l'activit\u00e9 tennis ont la possibilit\u00e9 de jouer sur un 2\u00e8me cr\u00e9neau correspondant \u00e0 leur niveau, en fonction des places disponibles. Ces formules peuvent \u00eatre propos\u00e9es directement par l'\u00e9quipe p\u00e9dagogique du club.<\/p>\n<h4><strong>COMP\u00c9TITION, \u00e0 partir de 8 ans<\/strong><\/h4>\n<p>Cette formule est destin\u00e9e aux enfants tr\u00e8s motiv\u00e9s par l'activit\u00e9 et ayant des aptitudes sportives affirm\u00e9es. L'\u00e9quipe p\u00e9dagogique et le bureau valide le projet sportif pour permettre aux enfants de progresser.<\/p>\n<p>Cette formule se compose de deux entra\u00eenements par semaine dans un groupe en petit effectif. Il y a \u00e9galement une programmation de tournois individuels et par \u00e9quipe \u00e0 suivre tout au long de l'ann\u00e9e sportive.<\/p>\n<h4><strong>COMP\u00c9TITION+, \u00e0 partir de 11 ans<\/strong><\/h4>\n<p>Cette formule permet aux enfants d\u00e9j\u00e0 \u00e0 un bon niveau tennistique de s'engager dans un projet sportif \u00e0 long terme. L'objectif pour les enfants est d'\u00e9voluer rapidement vers un niveau de tennis assez fort, afin notamment de rejoindre les \u00e9quipes adultes \u00e9voluant en division r\u00e9gionale.<\/p>\n<p>Cette formule se compose de deux entra\u00eenements par semaine dans un groupe en petit effectif. Il y a \u00e9galement une programmation de tournois \u00e0 disputer tout au long de l'ann\u00e9e sportive.<\/p>\n","protected":false},"excerpt":{"rendered":"<p>GALAXIE+, r\u00e9serv\u00e9 aux 6-10 ans Les jeunes enfants motiv\u00e9s par l&rsquo;activit\u00e9 tennis ont la possibilit\u00e9 de jouer sur un 2\u00e8me cr\u00e9neau correspondant \u00e0 leur niveau, en fonction des places disponibles. Ces formules peuvent \u00eatre propos\u00e9es directement par l&rsquo;\u00e9quipe p\u00e9dagogique du club. COMP\u00c9TITION, \u00e0 partir de 8 ans Cette formule est destin\u00e9e aux enfants tr\u00e8s motiv\u00e9s [&hellip;]<\/p>\n","protected":false},"author":2,"featured_media":0,"parent":0,"menu_order":0,"comment_status":"closed","ping_status":"closed","template":"","meta":{"_acf_changed":false,"footnotes":""},"class_list":["post-1577","page","type-page","status-publish","hentry"],"acf":[],"_links":{"self":[{"href":"https:\/\/tcportet.fr\/index.php?rest_route=\/wp\/v2\/pages\/1577","targetHints":{"allow":["GET"]}}],"collection":[{"href":"https:\/\/tcportet.fr\/index.php?rest_route=\/wp\/v2\/pages"}],"about":[{"href":"https:\/\/tcportet.fr\/index.php?rest_route=\/wp\/v2\/types\/page"}],"author":[{"embeddable":true,"href":"https:\/\/tcportet.fr\/index.php?rest_route=\/wp\/v2\/users\/2"}],"replies":[{"embeddable":true,"href":"https:\/\/tcportet.fr\/index.php?rest_route=%2Fwp%2Fv2%2Fcomments&post=1577"}],"version-history":[{"count":5,"href":"https:\/\/tcportet.fr\/index.php?rest_route=\/wp\/v2\/pages\/1577\/revisions"}],"predecessor-version":[{"id":1654,"href":"https:\/\/tcportet.fr\/index.php?rest_route=\/wp\/v2\/pages\/1577\/revisions\/1654"}],"wp:attachment":[{"href":"https:\/\/tcportet.fr\/index.php?rest_route=%2Fwp%2Fv2%2Fmedia&parent=1577"}],"curies":[{"name":"wp","href":"https:\/\/api.w.org\/{rel}","templated":true}]}}