	{"id":1581,"date":"2024-06-18T17:56:56","date_gmt":"2024-06-18T15:56:56","guid":{"rendered":"https:\/\/tcportet.fr\/?page_id=1581"},"modified":"2024-06-23T10:48:01","modified_gmt":"2024-06-23T08:48:01","slug":"ecole-adulte","status":"publish","type":"page","link":"https:\/\/tcportet.fr\/?page_id=1581","title":{"rendered":"Ecole adulte"},"content":{"rendered":"\n<h4>\u00c0 partir de 18 ans<\/h4>\n<p>Le club propose des entra\u00eenements pour les adultes. Que vous soyez\u00a0 d\u00e9butant ou comp\u00e9titeur aguerri, il existe diff\u00e9rents groupes qui vous permettront une progression r\u00e9guli\u00e8re.\u00a0 Les groupes sont constitu\u00e9s de 6 joueurs pour 1 enseignant.<\/p>\n<h4>Encadrement DE<\/h4>\n<p>Des plateaux d'entra\u00eenement sont propos\u00e9s avec 2 DE sur le m\u00eame cr\u00e9neau horaire permettant des s\u00e9ances rythm\u00e9es et dynamiques.<\/p>\n<h4>Tarif<\/h4>\n<p>28 s\u00e9ances de septembre \u00e0 juin <strong>265 euros.<\/strong><\/p>\n<p>Ce tarif comprend uniquement les cours collectifs.<\/p>\n","protected":false},"excerpt":{"rendered":"<p>\u00c0 partir de 18 ans Le club propose des entra\u00eenements pour les adultes. Que vous soyez\u00a0 d\u00e9butant ou comp\u00e9titeur aguerri, il existe diff\u00e9rents groupes qui vous permettront une progression r\u00e9guli\u00e8re.\u00a0 Les groupes sont constitu\u00e9s de 6 joueurs pour 1 enseignant. Encadrement DE Des plateaux d&rsquo;entra\u00eenement sont propos\u00e9s avec 2 DE sur le m\u00eame cr\u00e9neau horaire [&hellip;]<\/p>\n","protected":false},"author":2,"featured_media":0,"parent":0,"menu_order":0,"comment_status":"closed","ping_status":"closed","template":"","meta":{"_acf_changed":false,"footnotes":""},"class_list":["post-1581","page","type-page","status-publish","hentry"],"acf":[],"_links":{"self":[{"href":"https:\/\/tcportet.fr\/index.php?rest_route=\/wp\/v2\/pages\/1581","targetHints":{"allow":["GET"]}}],"collection":[{"href":"https:\/\/tcportet.fr\/index.php?rest_route=\/wp\/v2\/pages"}],"about":[{"href":"https:\/\/tcportet.fr\/index.php?rest_route=\/wp\/v2\/types\/page"}],"author":[{"embeddable":true,"href":"https:\/\/tcportet.fr\/index.php?rest_route=\/wp\/v2\/users\/2"}],"replies":[{"embeddable":true,"href":"https:\/\/tcportet.fr\/index.php?rest_route=%2Fwp%2Fv2%2Fcomments&post=1581"}],"version-history":[{"count":6,"href":"https:\/\/tcportet.fr\/index.php?rest_route=\/wp\/v2\/pages\/1581\/revisions"}],"predecessor-version":[{"id":1652,"href":"https:\/\/tcportet.fr\/index.php?rest_route=\/wp\/v2\/pages\/1581\/revisions\/1652"}],"wp:attachment":[{"href":"https:\/\/tcportet.fr\/index.php?rest_route=%2Fwp%2Fv2%2Fmedia&parent=1581"}],"curies":[{"name":"wp","href":"https:\/\/api.w.org\/{rel}","templated":true}]}}