	{"id":855,"date":"2018-05-05T19:25:00","date_gmt":"2018-05-05T17:25:00","guid":{"rendered":"http:\/\/192.168.0.8\/wordpress\/?page_id=855"},"modified":"2018-06-10T23:32:48","modified_gmt":"2018-06-10T21:32:48","slug":"histoire","status":"publish","type":"page","link":"https:\/\/tcportet.fr\/?page_id=855","title":{"rendered":"Histoire"},"content":{"rendered":"<table style=\"width: 100%; border-collapse: collapse;\" border=\"0\">\n<tbody>\n<tr>\n<td style=\"width: 43.0747%;\">L'Etoile Port\u00e9sienne est l'une des plus anciennes associations de la commune de Portet sur Garonne.<br \/>\nElle fut cr\u00e9\u00e9e le <strong>16 d\u00e9cembre 1956<\/strong> et enregistr\u00e9e au journal officiel en janvier 1957. Le maire de Portet-sur-Garonne de l'\u00e9poque Monsieur Saintigny prit la d\u00e9cision de permettre \u00e0 tous les jeunes de la commune de pratiquer une activit\u00e9 sportive.<\/td>\n<td style=\"width: 6.75501%;\"><\/td>\n<td style=\"width: 50.1216%;\">\n<table style=\"width: 100%; border-collapse: collapse;\" border=\"0\">\n<tbody>\n<tr>\n<td style=\"width: 100%;\"><img loading=\"lazy\" decoding=\"async\" class=\"aligncenter wp-image-1250\" src=\"http:\/\/tcportet.fr\/wp-content\/uploads\/2018\/06\/Club-House-300x200.jpg\" alt=\"\" width=\"386\" height=\"257\" srcset=\"https:\/\/tcportet.fr\/wp-content\/uploads\/2018\/06\/Club-House-300x200.jpg 300w, https:\/\/tcportet.fr\/wp-content\/uploads\/2018\/06\/Club-House-768x512.jpg 768w, https:\/\/tcportet.fr\/wp-content\/uploads\/2018\/06\/Club-House.jpg 1024w\" sizes=\"auto, (max-width: 386px) 100vw, 386px\" \/><\/td>\n<\/tr>\n<\/tbody>\n<\/table>\n<\/td>\n<\/tr>\n<\/tbody>\n<\/table>\n<p>Il prit contact avec un jeune directeur des ventes venu de Lille, <strong>Jean Tiberghien<\/strong> (qui fut aussi par la suite pr\u00e9sident du Portet Bridge Club) pour mener \u00e0 bien ce projet. Les premi\u00e8res r\u00e9unions eurent lieu dans la salle restaurant du caf\u00e9 Paul les long des all\u00e9es du Baron Ritay.<br \/>\nLe premier bureau fut constitu\u00e9 comme suit : pr\u00e9sident : Jean Samuel Tiberghien ; secr\u00e9taire : Andr\u00e9 Maire ; tr\u00e9sorier : Lucien Helluy ; Docteur Francis S\u00e9ni\u00e9 ; membres : Jean Murel, Paul Pollentier, Jacques Jany.<br \/>\n<strong>L'association devint tr\u00e8s rapidement omnisports<\/strong><br \/>\nLe stade de Blanconne accueillait les activit\u00e9s de gymnastique. Des professeurs de sport enseignaient \u00e9galement l'athl\u00e9tisme. De nombreuses \u00e9quipes de jeunes remport\u00e8rent des titres de champion des Pyr\u00e9n\u00e9es.<br \/>\nA cette \u00e9poque r\u00e9sidait sur la ville une personnalit\u00e9 du monde sportif, M. Gasnier moniteur de handball au Creps. Un d\u00e9clic pour cr\u00e9er une section handball, sous la banni\u00e8re de cette nouvelle association. Bien \u00e9paul\u00e9s par cet homme de valeur, les Port\u00e9siens furent champions des Pyr\u00e9n\u00e9es durant de nombreuses ann\u00e9es.<br \/>\nPar la suite en 1964 une section Batterie Fanfare vit le jour \u00e0 l'initiative du p\u00e2tissier boulanger de Gimont.<br \/>\nElle int\u00e9grera tr\u00e8s vite une activit\u00e9 Majorette.<br \/>\n<strong>Le tennis<\/strong> d\u00e9buta en 1965 sous l'impulsion de Fran\u00e7ois Montazeau. Le premier terrain se situait \u00e0 l'int\u00e9rieur de l'aire couverte (le gymnase pr\u00e8s de la Poste). 3 nouveaux terrains furent construits au stade municipal.<br \/>\nJean Tiberghien quitta l'association en 1978 apr\u00e8s de nombreuses ann\u00e9es de b\u00e9n\u00e9volat et d'actions b\u00e9n\u00e9fiques pour l'enseignement du sport sur Portet-sur-Garonne.<br \/>\nLa section Tennis continua seule l'administration de l'association et poursuivit sa progression.<br \/>\nVoici la liste des pr\u00e9sidents successifs depuis 1975 :<\/p>\n<p style=\"padding-left: 30px;\"><span style=\"color: #0000ff;\">Bernard Lagorsse de 1975 \u00e0 197<\/span><br \/>\n<span style=\"color: #0000ff;\"> Armand Sauvant de 1979 \u00e0 1982<\/span><br \/>\n<span style=\"color: #0000ff;\"> Jean-Louis Belotti de 1982 \u00e0 1987<\/span><br \/>\n<span style=\"color: #0000ff;\"> Jean Hilaire de 1987 \u00e0 1989<\/span><br \/>\n<span style=\"color: #0000ff;\"> Michel Pauzi\u00e9 de 1989 \u00e0 1991<\/span><br \/>\n<span style=\"color: #0000ff;\"> Jacques Jean saison 1991-1992<\/span><br \/>\n<span style=\"color: #0000ff;\"> Jean-Pierre Fr\u00e8re de 1992 \u00e0 1995<\/span><br \/>\n<span style=\"color: #0000ff;\"> G\u00e9rard Bardou de 1995 \u00e0 2000<\/span><br \/>\n<span style=\"color: #0000ff;\"> Co-Pr\u00e9sidence Thomas Delval et G\u00e9rard Bardou de 2000 \u00e0 2002<\/span><br \/>\n<span style=\"color: #0000ff;\"> Laurent Darcos de 2002 \u00e0 2012<\/span><br \/>\n<span style=\"color: #0000ff;\"> Cyril Ruans de 2012 \u00e0 2017<\/span><br \/>\n<span style=\"color: #0000ff;\"> Pascale Marolleau saison 2017 \u00e0 2018<\/span><br \/>\n<span style=\"color: #0000ff;\"> Agnes Pereillo depuis 2018<\/span><\/p>\n<p>et les faits marquants :<\/p>\n<p style=\"padding-left: 30px;\"><strong>1983<\/strong> : Construction du complexe de Tennis pr\u00e8s de la Poste avec 6 courts ext\u00e9rieurs et un nouveau club-house<br \/>\n<strong>1996<\/strong> : R\u00e9fection de 2 terrains durs en 2 courts en terre-battue.<br \/>\n<strong>1998<\/strong> : R\u00e9fection du gymnase ( 1 court enti\u00e8rement d\u00e9di\u00e9 \u00e0 la pratique du tennis, 2 courts de squash)<br \/>\n<strong>1998<\/strong> : Cr\u00e9ation de la section Badminton<br \/>\n<strong>2005<\/strong> : Cr\u00e9ation de la section Squash<br \/>\n<strong>2010<\/strong> : R\u00e9novation des installations, les courts en terre battues disparaissent. Un terrain confort remplace le vieux court en dur n\u00b06.<br \/>\n<strong>2012<\/strong> : Laurent Darcos, Pr\u00e9sident du Tennis Club est \u00e9lu Pr\u00e9sident du Comit\u00e9 D\u00e9partemental de la Haute-Garonne<\/p>\n<p>Quelques informations sont extraites de <a href=\"http:\/\/www.ladepeche.fr\/article\/2011\/06\/05\/1099069-berat-jean-samuel-tiberghien-homme-du-nord.html\">l'article de Pierre Cassignol paru dans la d\u00e9p\u00eache du midi<\/a>.<\/p>\n","protected":false},"excerpt":{"rendered":"<p>L&rsquo;Etoile Port\u00e9sienne est l&rsquo;une des plus anciennes associations de la commune de Portet sur Garonne. Elle fut cr\u00e9\u00e9e le 16 d\u00e9cembre 1956 et enregistr\u00e9e au journal officiel en janvier 1957. Le maire de Portet-sur-Garonne de l&rsquo;\u00e9poque Monsieur Saintigny prit la d\u00e9cision de permettre \u00e0 tous les jeunes de la commune de pratiquer une activit\u00e9 sportive. [&hellip;]<\/p>\n","protected":false},"author":2,"featured_media":0,"parent":0,"menu_order":0,"comment_status":"closed","ping_status":"closed","template":"","meta":{"_acf_changed":false,"footnotes":""},"class_list":["post-855","page","type-page","status-publish","hentry"],"acf":[],"_links":{"self":[{"href":"https:\/\/tcportet.fr\/index.php?rest_route=\/wp\/v2\/pages\/855","targetHints":{"allow":["GET"]}}],"collection":[{"href":"https:\/\/tcportet.fr\/index.php?rest_route=\/wp\/v2\/pages"}],"about":[{"href":"https:\/\/tcportet.fr\/index.php?rest_route=\/wp\/v2\/types\/page"}],"author":[{"embeddable":true,"href":"https:\/\/tcportet.fr\/index.php?rest_route=\/wp\/v2\/users\/2"}],"replies":[{"embeddable":true,"href":"https:\/\/tcportet.fr\/index.php?rest_route=%2Fwp%2Fv2%2Fcomments&post=855"}],"version-history":[{"count":2,"href":"https:\/\/tcportet.fr\/index.php?rest_route=\/wp\/v2\/pages\/855\/revisions"}],"predecessor-version":[{"id":1255,"href":"https:\/\/tcportet.fr\/index.php?rest_route=\/wp\/v2\/pages\/855\/revisions\/1255"}],"wp:attachment":[{"href":"https:\/\/tcportet.fr\/index.php?rest_route=%2Fwp%2Fv2%2Fmedia&parent=855"}],"curies":[{"name":"wp","href":"https:\/\/api.w.org\/{rel}","templated":true}]}}